{"id":25520,"date":"2024-08-20T11:27:09","date_gmt":"2024-08-20T11:27:09","guid":{"rendered":"http:\/\/hejtoff.pl\/index.php\/elements\/icon-boxes\/"},"modified":"2025-02-05T20:50:07","modified_gmt":"2025-02-05T19:50:07","slug":"icon-boxes","status":"publish","type":"page","link":"http:\/\/hejtoff.pl\/index.php\/elements\/icon-boxes\/","title":{"rendered":"Fundacja"},"content":{"rendered":"\t\t<div data-elementor-type=\"wp-page\" data-elementor-id=\"25520\" class=\"elementor elementor-25520\" data-elementor-post-type=\"page\">\n\t\t\t\t<div class=\"elementor-element elementor-element-f89a3a7 e-flex e-con-boxed e-con e-parent\" data-id=\"f89a3a7\" data-element_type=\"container\" data-e-type=\"container\">\n\t\t\t\t\t<div class=\"e-con-inner\">\n\t\t\t\t<div class=\"elementor-element elementor-element-828e711 elementor-widget elementor-widget-text-editor\" data-id=\"828e711\" data-element_type=\"widget\" data-e-type=\"widget\" data-widget_type=\"text-editor.default\">\n\t\t\t\t<div class=\"elementor-widget-container\">\n\t\t\t\t\t\t\t\t\t<p class=\"v1MsoNormal\"><b>O Fundacji<\/b><\/p>\n<p class=\"v1gmail-MsoListParagraph\"><b>Misja<\/b><\/p>\n<p class=\"v1MsoNormal\">Fundacja Hejt OFF powsta\u0142a, aby tworzy\u0107 bezpieczne i przyjazne \u015brodowisko cyfrowe. Nasz\u0105 misj\u0105 jest promowanie kultury szacunku i empatii w Internecie oraz przeciwdzia\u0142anie mowie nienawi\u015bci poprzez edukacj\u0119, wsparcie i budowanie \u015bwiadomo\u015bci spo\u0142ecznej. D\u0105\u017cymy do tego, aby ka\u017cdy u\u017cytkownik sieci czu\u0142 si\u0119 szanowany i bezpieczny, niezale\u017cnie od wieku, miejsca zamieszkania<br>czy pochodzenia.<\/p>\n<p class=\"v1MsoNormal\">Poprzez wsp\u00f3\u0142prac\u0119 ze szko\u0142ami, rodzicami, nauczycielami i m\u0142odzie\u017c\u0105, Fundacja Hejt OFF tworzy kompleksowe rozwi\u0105zania edukacyjne i wspiera spo\u0142eczno\u015bci w rozwi\u0105zywaniu problem\u00f3w zwi\u0105zanych z hejtem i zagro\u017ceniami w sieci. Naszym celem jest kszta\u0142towanie przysz\u0142o\u015bci, w kt\u00f3rej Internet stanie si\u0119 przestrzeni\u0105 pe\u0142n\u0105 pozytywnej komunikacji, wsparcia i wsp\u00f3\u0142pracy.<br><span style=\"text-align: var(--text-align); background-color: transparent; color: var(--the7-base-color); font-family: ; font-size: ; font-style: ; font-variant-ligatures: ; font-variant-caps: ; letter-spacing: var(--the7-base-letter-spacing); text-decoration-line: ; text-transform: var(--the7-base-text-transform); word-spacing: normal;\"><br><b>Cele Fundacji<\/b><\/span><\/p><ul>\n<li><b>Edukacja i budowanie \u015bwiadomo\u015bci<br><\/b>Organizowanie warsztat\u00f3w, szkole\u0144 i kampanii edukacyjnych, kt\u00f3re pomagaj\u0105 zrozumie\u0107 zjawisko hejtu oraz sposoby skutecznego przeciwdzia\u0142ania.<\/li>\n<li><b>Wsparcie spo\u0142eczno\u015bci szkolnych<br><\/b>Wspieranie nauczycieli, rodzic\u00f3w i uczni\u00f3w w rozwoju kompetencji cyfrowych, ze szczeg\u00f3lnym naciskiem na bezpiecze\u0144stwo w sieci.<\/li>\n<li><b>Tworzenie zasob\u00f3w edukacyjnych<br><\/b>Udost\u0119pnianie bezp\u0142atnych e-book\u00f3w, infografik, film\u00f3w i scenariuszy lekcji, dostosowanych do potrzeb r\u00f3\u017cnych grup wiekowych.<\/li>\n<li><b>Organizacja wydarze\u0144<br><\/b>Inicjowanie og\u00f3lnopolskich konkurs\u00f3w, projekt\u00f3w edukacyjnych i dni bezpiecze\u0144stwa online, kt\u00f3re anga\u017cuj\u0105 m\u0142odzie\u017c do wsp\u00f3\u0142tworzenia pozytywnego Internetu.<\/li>\n<li><b>Wsp\u00f3\u0142praca mi\u0119dzynarodowa<br><\/b>Nawi\u0105zywanie partnerstw z organizacjami zagranicznymi w celu wymiany dobrych praktyk oraz tworzenia program\u00f3w edukacyjnych o zasi\u0119gu globalnym.<\/li>\n<\/ul>\n<p class=\"v1MsoNormal\">Fundacja Hejt OFF wierzy, \u017ce tylko poprzez kompleksowe podej\u015bcie do edukacji cyfrowej<br>i wsp\u00f3\u0142prac\u0119 mo\u017cemy budowa\u0107 \u015bwiadomo\u015b\u0107 oraz przeciwdzia\u0142a\u0107 negatywnym zjawiskom w Internecie. Zapraszamy do zapoznania si\u0119 z naszymi dzia\u0142aniami i do\u0142\u0105czenia do naszej misji w budowaniu lepszego, bezpieczniejszego cyfrowego \u015bwiata.<\/p>\t\t\t\t\t\t\t\t<\/div>\n\t\t\t\t<\/div>\n\t\t\t\t\t<\/div>\n\t\t\t\t<\/div>\n\t\t\t\t<\/div>\n\t\t","protected":false},"excerpt":{"rendered":"<p>O Fundacji Misja Fundacja Hejt OFF powsta\u0142a, aby tworzy\u0107 bezpieczne i przyjazne \u015brodowisko cyfrowe. Nasz\u0105 misj\u0105 jest promowanie kultury szacunku i empatii w Internecie oraz przeciwdzia\u0142anie mowie nienawi\u015bci poprzez edukacj\u0119, wsparcie i budowanie \u015bwiadomo\u015bci spo\u0142ecznej. D\u0105\u017cymy do tego, aby ka\u017cdy u\u017cytkownik sieci czu\u0142 si\u0119 szanowany i bezpieczny, niezale\u017cnie od wieku, miejsca zamieszkaniaczy pochodzenia. Poprzez wsp\u00f3\u0142prac\u0119&hellip;<\/p>\n","protected":false},"author":1,"featured_media":0,"parent":25512,"menu_order":30,"comment_status":"closed","ping_status":"closed","template":"","meta":{"footnotes":""},"class_list":["post-25520","page","type-page","status-publish","hentry"],"jetpack_sharing_enabled":true,"_links":{"self":[{"href":"http:\/\/hejtoff.pl\/index.php\/wp-json\/wp\/v2\/pages\/25520","targetHints":{"allow":["GET"]}}],"collection":[{"href":"http:\/\/hejtoff.pl\/index.php\/wp-json\/wp\/v2\/pages"}],"about":[{"href":"http:\/\/hejtoff.pl\/index.php\/wp-json\/wp\/v2\/types\/page"}],"author":[{"embeddable":true,"href":"http:\/\/hejtoff.pl\/index.php\/wp-json\/wp\/v2\/users\/1"}],"replies":[{"embeddable":true,"href":"http:\/\/hejtoff.pl\/index.php\/wp-json\/wp\/v2\/comments?post=25520"}],"version-history":[{"count":7,"href":"http:\/\/hejtoff.pl\/index.php\/wp-json\/wp\/v2\/pages\/25520\/revisions"}],"predecessor-version":[{"id":36838,"href":"http:\/\/hejtoff.pl\/index.php\/wp-json\/wp\/v2\/pages\/25520\/revisions\/36838"}],"up":[{"embeddable":true,"href":"http:\/\/hejtoff.pl\/index.php\/wp-json\/wp\/v2\/pages\/25512"}],"wp:attachment":[{"href":"http:\/\/hejtoff.pl\/index.php\/wp-json\/wp\/v2\/media?parent=25520"}],"curies":[{"name":"wp","href":"https:\/\/api.w.org\/{rel}","templated":true}]}}