{"id":37642,"date":"2026-03-22T12:12:08","date_gmt":"2026-03-22T11:12:08","guid":{"rendered":"https:\/\/hejtoff.pl\/?post_type=product&#038;p=37642"},"modified":"2026-03-22T12:15:43","modified_gmt":"2026-03-22T11:15:43","slug":"bluza-meska-fundacja-hejt-off-2","status":"publish","type":"product","link":"http:\/\/hejtoff.pl\/index.php\/product\/bluza-meska-fundacja-hejt-off-2\/","title":{"rendered":"Bluza m\u0119ska Fundacja Hejt OFF"},"content":{"rendered":"<p data-start=\"346\" data-end=\"482\">Czarna bluza, zero ozdobnik\u00f3w, zero t\u0142umacze\u0144.<br data-start=\"392\" data-end=\"395\" \/>Bo prawda jest prosta: najwi\u0119cej ha\u0142asu robi\u0105 ci, kt\u00f3rzy nie maj\u0105 nic do powiedzenia.<\/p>\n<p data-start=\"484\" data-end=\"503\">A Ty?<br data-start=\"489\" data-end=\"492\" \/>Masz wyb\u00f3r.<\/p>\n<p data-start=\"505\" data-end=\"624\">\u2714\ufe0f Nie wchodzisz w pysk\u00f3wki<br data-start=\"532\" data-end=\"535\" \/>\u2714\ufe0f Nie karmisz prowokacji<br data-start=\"560\" data-end=\"563\" \/>\u2714\ufe0f Nie tracisz czasu na ludzi, kt\u00f3rzy \u017cyj\u0105 z cudzej reakcji<\/p>\n<p data-start=\"626\" data-end=\"674\">Nosz\u0105c j\u0105, nie jeste\u015b \u201emi\u0142y\u201d.<br data-start=\"655\" data-end=\"658\" \/>Jeste\u015b \u015bwiadomy.<\/p>\n<p data-start=\"676\" data-end=\"716\">To r\u00f3\u017cnica, kt\u00f3r\u0105 dzi\u015b ma\u0142o kto rozumie.<\/p>\n<p data-start=\"723\" data-end=\"760\"><strong data-start=\"723\" data-end=\"760\">\u201eHejt OFF\u201d to nie styl. To filtr.<\/strong><\/p>\n<p data-start=\"762\" data-end=\"862\">Filtr na g\u0142upot\u0119.<br data-start=\"779\" data-end=\"782\" \/>Filtr na emocjonalne \u015bmieci.<br data-start=\"810\" data-end=\"813\" \/>Filtr na wszystko, co pr\u00f3buje Ci\u0119 wci\u0105gn\u0105\u0107 ni\u017cej.<\/p>\n<p data-start=\"864\" data-end=\"889\">I w\u0142a\u015bnie dlatego dzia\u0142a.<\/p>\n<p data-start=\"896\" data-end=\"956\">A najlepsze?<br data-start=\"908\" data-end=\"911\" \/>Nie musisz nic m\u00f3wi\u0107.<br data-start=\"932\" data-end=\"935\" \/>Bluza m\u00f3wi za Ciebie.<\/p>\n<p data-start=\"958\" data-end=\"999\">I m\u00f3wi kr\u00f3tko:<br data-start=\"972\" data-end=\"975\" \/><strong data-start=\"975\" data-end=\"999\">\u201eNie gram w t\u0119 gr\u0119.\u201d<\/strong><\/p>\n<p>Czarna bluza z nadrukiem.<\/p>\n<p>Rozmiar nadruku 30&#215;30 cm<\/p>\n<p>&nbsp;<\/p>\n<p><img fetchpriority=\"high\" decoding=\"async\" class=\"alignnone size-medium wp-image-37591\" src=\"http:\/\/hejtoff.pl\/wp-content\/uploads\/2026\/02\/material-300x211.png\" alt=\"\" width=\"300\" height=\"211\" srcset=\"http:\/\/hejtoff.pl\/wp-content\/uploads\/2026\/02\/material-300x211.png 300w, http:\/\/hejtoff.pl\/wp-content\/uploads\/2026\/02\/material.png 357w\" sizes=\"(max-width: 300px) 100vw, 300px\" \/><\/p>\n<p><img decoding=\"async\" class=\"alignnone wp-image-37593 size-full\" src=\"http:\/\/hejtoff.pl\/wp-content\/uploads\/2026\/02\/rozmiarowka_mezczyzni.png\" alt=\"\" width=\"916\" height=\"636\" srcset=\"http:\/\/hejtoff.pl\/wp-content\/uploads\/2026\/02\/rozmiarowka_mezczyzni.png 916w, http:\/\/hejtoff.pl\/wp-content\/uploads\/2026\/02\/rozmiarowka_mezczyzni-300x208.png 300w, http:\/\/hejtoff.pl\/wp-content\/uploads\/2026\/02\/rozmiarowka_mezczyzni-768x533.png 768w\" sizes=\"(max-width: 916px) 100vw, 916px\" \/><\/p>\n","protected":false},"excerpt":{"rendered":"<p>Czarna bluza, zero ozdobnik\u00f3w, zero t\u0142umacze\u0144.Bo prawda jest prosta: najwi\u0119cej ha\u0142asu robi\u0105 ci, kt\u00f3rzy nie maj\u0105 nic do powiedzenia. A Ty?Masz wyb\u00f3r. \u2714\ufe0f Nie wchodzisz w pysk\u00f3wki\u2714\ufe0f Nie karmisz prowokacji\u2714\ufe0f Nie tracisz czasu na ludzi, kt\u00f3rzy \u017cyj\u0105 z cudzej reakcji Nosz\u0105c j\u0105, nie jeste\u015b \u201emi\u0142y\u201d.Jeste\u015b \u015bwiadomy. To r\u00f3\u017cnica, kt\u00f3r\u0105 dzi\u015b ma\u0142o kto rozumie. \u201eHejt OFF\u201d&hellip;<\/p>\n","protected":false},"featured_media":37648,"template":"","meta":[],"product_brand":[],"product_cat":[181],"product_tag":[186,185,187],"class_list":{"0":"post-37642","1":"product","2":"type-product","3":"status-publish","4":"has-post-thumbnail","6":"product_cat-odziez","7":"product_tag-bluza-meska","8":"product_tag-bluza-z-kapturem","9":"product_tag-meska","10":"description-off","12":"first","13":"instock","14":"shipping-taxable","15":"purchasable","16":"product-type-variable","17":"has-default-attributes"},"jetpack_sharing_enabled":true,"_links":{"self":[{"href":"http:\/\/hejtoff.pl\/index.php\/wp-json\/wp\/v2\/product\/37642","targetHints":{"allow":["GET"]}}],"collection":[{"href":"http:\/\/hejtoff.pl\/index.php\/wp-json\/wp\/v2\/product"}],"about":[{"href":"http:\/\/hejtoff.pl\/index.php\/wp-json\/wp\/v2\/types\/product"}],"wp:featuredmedia":[{"embeddable":true,"href":"http:\/\/hejtoff.pl\/index.php\/wp-json\/wp\/v2\/media\/37648"}],"wp:attachment":[{"href":"http:\/\/hejtoff.pl\/index.php\/wp-json\/wp\/v2\/media?parent=37642"}],"wp:term":[{"taxonomy":"product_brand","embeddable":true,"href":"http:\/\/hejtoff.pl\/index.php\/wp-json\/wp\/v2\/product_brand?post=37642"},{"taxonomy":"product_cat","embeddable":true,"href":"http:\/\/hejtoff.pl\/index.php\/wp-json\/wp\/v2\/product_cat?post=37642"},{"taxonomy":"product_tag","embeddable":true,"href":"http:\/\/hejtoff.pl\/index.php\/wp-json\/wp\/v2\/product_tag?post=37642"}],"curies":[{"name":"wp","href":"https:\/\/api.w.org\/{rel}","templated":true}]}}