{"id":37658,"date":"2026-03-22T12:46:05","date_gmt":"2026-03-22T11:46:05","guid":{"rendered":"https:\/\/hejtoff.pl\/?post_type=product&#038;p=37658"},"modified":"2026-03-22T12:46:34","modified_gmt":"2026-03-22T11:46:34","slug":"koszulka-meska-hejt-off","status":"publish","type":"product","link":"http:\/\/hejtoff.pl\/index.php\/product\/koszulka-meska-hejt-off\/","title":{"rendered":"Koszulka m\u0119ska Hejt OFF"},"content":{"rendered":"<p data-start=\"184\" data-end=\"250\">Wi\u0119kszo\u015b\u0107 ludzi m\u00f3wi za du\u017co \u2014 i bez sensu.<\/p>\n<p data-start=\"257\" data-end=\"276\">A Ty? Nie musisz.<\/p>\n<p data-start=\"278\" data-end=\"415\">\u2714\ufe0f Nie wchodzisz w dyskusje, kt\u00f3re nic nie daj\u0105<br data-start=\"325\" data-end=\"328\" \/>\u2714\ufe0f Nie reagujesz na zaczepki<br data-start=\"356\" data-end=\"359\" \/>\u2714\ufe0f Nie tracisz energii na ludzi, kt\u00f3rzy \u017cyj\u0105 z reakcji<\/p>\n<p data-start=\"417\" data-end=\"484\">Nie dlatego, \u017ce nie masz zdania.<br data-start=\"449\" data-end=\"452\" \/>Tylko dlatego, \u017ce masz standard.<\/p>\n<p data-start=\"491\" data-end=\"524\">\u201eHejt OFF\u201d to nie styl. To wyb\u00f3r.<\/p>\n<p data-start=\"526\" data-end=\"675\">Wyb\u00f3r, \u017ceby nie schodzi\u0107 poziom ni\u017cej.<br data-start=\"564\" data-end=\"567\" \/>Wyb\u00f3r, \u017ceby nie odpowiada\u0107 na wszystko.<br data-start=\"606\" data-end=\"609\" \/>Wyb\u00f3r, \u017ceby mie\u0107 kontrol\u0119 nad tym, co m\u00f3wisz \u2014 i czego nie m\u00f3wisz.<\/p>\n<p data-start=\"682\" data-end=\"747\">Ta koszulka nie krzyczy.<br data-start=\"706\" data-end=\"709\" \/>Ona ko\u0144czy rozmow\u0119, zanim si\u0119 zacznie.<\/p>\n<p data-start=\"754\" data-end=\"766\">A najlepsze?<\/p>\n<p data-start=\"768\" data-end=\"822\">Nie musisz nic t\u0142umaczy\u0107.<br data-start=\"793\" data-end=\"796\" \/>Masz to napisane na sobie.<\/p>\n<p data-start=\"829\" data-end=\"884\"><strong data-start=\"829\" data-end=\"843\">\u201eHejt OFF\u201d<\/strong><br data-start=\"843\" data-end=\"846\" \/>Nie wszystko zas\u0142uguje na Twoje s\u0142owa.<\/p>\n<p>Czarna koszulka z nadrukiem.<\/p>\n<p>Rozmiar nadruku 30&#215;30 cm<\/p>\n<p><img fetchpriority=\"high\" decoding=\"async\" class=\"alignnone size-full wp-image-37591\" src=\"http:\/\/hejtoff.pl\/wp-content\/uploads\/2026\/02\/material.png\" alt=\"\" width=\"357\" height=\"251\" srcset=\"http:\/\/hejtoff.pl\/wp-content\/uploads\/2026\/02\/material.png 357w, http:\/\/hejtoff.pl\/wp-content\/uploads\/2026\/02\/material-300x211.png 300w\" sizes=\"(max-width: 357px) 100vw, 357px\" \/> <img decoding=\"async\" class=\"alignnone size-full wp-image-37657\" src=\"http:\/\/hejtoff.pl\/wp-content\/uploads\/2026\/02\/tsh.png\" alt=\"\" width=\"319\" height=\"254\" srcset=\"http:\/\/hejtoff.pl\/wp-content\/uploads\/2026\/02\/tsh.png 319w, http:\/\/hejtoff.pl\/wp-content\/uploads\/2026\/02\/tsh-300x239.png 300w\" sizes=\"(max-width: 319px) 100vw, 319px\" \/><\/p>\n<p>&nbsp;<\/p>\n<p><img decoding=\"async\" class=\"alignnone size-full wp-image-37593\" src=\"http:\/\/hejtoff.pl\/wp-content\/uploads\/2026\/02\/rozmiarowka_mezczyzni.png\" alt=\"\" width=\"916\" height=\"636\" srcset=\"http:\/\/hejtoff.pl\/wp-content\/uploads\/2026\/02\/rozmiarowka_mezczyzni.png 916w, http:\/\/hejtoff.pl\/wp-content\/uploads\/2026\/02\/rozmiarowka_mezczyzni-300x208.png 300w, http:\/\/hejtoff.pl\/wp-content\/uploads\/2026\/02\/rozmiarowka_mezczyzni-768x533.png 768w\" sizes=\"(max-width: 916px) 100vw, 916px\" \/><\/p>\n","protected":false},"excerpt":{"rendered":"<p>Wi\u0119kszo\u015b\u0107 ludzi m\u00f3wi za du\u017co \u2014 i bez sensu. A Ty? Nie musisz. \u2714\ufe0f Nie wchodzisz w dyskusje, kt\u00f3re nic nie daj\u0105\u2714\ufe0f Nie reagujesz na zaczepki\u2714\ufe0f Nie tracisz energii na ludzi, kt\u00f3rzy \u017cyj\u0105 z reakcji Nie dlatego, \u017ce nie masz zdania.Tylko dlatego, \u017ce masz standard. \u201eHejt OFF\u201d to nie styl. To wyb\u00f3r. Wyb\u00f3r, \u017ceby nie&hellip;<\/p>\n","protected":false},"featured_media":37654,"template":"","meta":[],"product_brand":[],"product_cat":[181],"product_tag":[194,195],"class_list":{"0":"post-37658","1":"product","2":"type-product","3":"status-publish","4":"has-post-thumbnail","6":"product_cat-odziez","7":"product_tag-koszulka","8":"product_tag-tshirt","9":"description-off","11":"first","12":"instock","13":"shipping-taxable","14":"purchasable","15":"product-type-variable","16":"has-default-attributes"},"jetpack_sharing_enabled":true,"_links":{"self":[{"href":"http:\/\/hejtoff.pl\/index.php\/wp-json\/wp\/v2\/product\/37658","targetHints":{"allow":["GET"]}}],"collection":[{"href":"http:\/\/hejtoff.pl\/index.php\/wp-json\/wp\/v2\/product"}],"about":[{"href":"http:\/\/hejtoff.pl\/index.php\/wp-json\/wp\/v2\/types\/product"}],"wp:featuredmedia":[{"embeddable":true,"href":"http:\/\/hejtoff.pl\/index.php\/wp-json\/wp\/v2\/media\/37654"}],"wp:attachment":[{"href":"http:\/\/hejtoff.pl\/index.php\/wp-json\/wp\/v2\/media?parent=37658"}],"wp:term":[{"taxonomy":"product_brand","embeddable":true,"href":"http:\/\/hejtoff.pl\/index.php\/wp-json\/wp\/v2\/product_brand?post=37658"},{"taxonomy":"product_cat","embeddable":true,"href":"http:\/\/hejtoff.pl\/index.php\/wp-json\/wp\/v2\/product_cat?post=37658"},{"taxonomy":"product_tag","embeddable":true,"href":"http:\/\/hejtoff.pl\/index.php\/wp-json\/wp\/v2\/product_tag?post=37658"}],"curies":[{"name":"wp","href":"https:\/\/api.w.org\/{rel}","templated":true}]}}