{"id":37684,"date":"2026-04-16T00:02:57","date_gmt":"2026-04-15T22:02:57","guid":{"rendered":"https:\/\/hejtoff.pl\/?post_type=product&#038;p=37684"},"modified":"2026-04-16T00:10:50","modified_gmt":"2026-04-15T22:10:50","slug":"torba","status":"publish","type":"product","link":"http:\/\/hejtoff.pl\/index.php\/product\/torba\/","title":{"rendered":"Torba"},"content":{"rendered":"<p data-start=\"74\" data-end=\"95\"><strong data-start=\"74\" data-end=\"95\">Torba \u201ehejt OFF\u201d<\/strong><\/p>\n<p data-start=\"0\" data-end=\"37\">Nie wszystko trzeba zabiera\u0107 ze sob\u0105.<\/p>\n<p data-start=\"39\" data-end=\"66\">Bo nie wszystko jest Twoje.<\/p>\n<p data-start=\"68\" data-end=\"162\">Codziennie co\u015b pr\u00f3buje si\u0119 do Ciebie \u201edopcha\u0107\u201d:<br \/>\nczyje\u015b zdanie, czyj\u015b humor, czyja\u015b frustracja.<\/p>\n<p data-start=\"164\" data-end=\"188\">I nagle robi si\u0119 ci\u0119\u017cko.<\/p>\n<p data-start=\"190\" data-end=\"219\">Tylko \u017ce to nie Twoje rzeczy.<\/p>\n<p data-start=\"221\" data-end=\"328\">\u2714\ufe0f Nie pakujesz cudzych emocji<br data-start=\"251\" data-end=\"254\" \/>\u2714\ufe0f Nie robisz miejsca na zb\u0119dne<br data-start=\"285\" data-end=\"288\" \/>\u2714\ufe0f Nie nosisz tego, co Ci\u0119 nie dotyczy<\/p>\n<p data-start=\"330\" data-end=\"348\">Wybierasz lekko\u015b\u0107.<\/p>\n<p data-start=\"350\" data-end=\"383\"><strong>\u201eHejt OFF\u201d<\/strong> to nie moda. To wyb\u00f3r.<\/p>\n<p data-start=\"385\" data-end=\"431\">Ta torba jest prosta.<br \/>\nI dok\u0142adnie o to chodzi.<\/p>\n<p data-start=\"433\" data-end=\"486\">Ma miejsce na to, co wa\u017cne.<br \/>\nNie ma miejsca na reszt\u0119.<\/p>\n<p data-start=\"488\" data-end=\"495\">I tyle.<\/p>\n<p data-start=\"497\" data-end=\"533\"><strong>\u201eHejt OFF\u201d<\/strong><br data-start=\"507\" data-end=\"510\" \/>Lekko\u015b\u0107 to te\u017c decyzja.<\/p>\n<p data-start=\"535\" data-end=\"552\" data-is-last-node=\"\" data-is-only-node=\"\">Materia\u0142: Poliester<\/p>\n","protected":false},"excerpt":{"rendered":"<p>Torba \u201ehejt OFF\u201d Nie wszystko trzeba zabiera\u0107 ze sob\u0105. Bo nie wszystko jest Twoje. Codziennie co\u015b pr\u00f3buje si\u0119 do Ciebie \u201edopcha\u0107\u201d: czyje\u015b zdanie, czyj\u015b humor, czyja\u015b frustracja. I nagle robi si\u0119 ci\u0119\u017cko. Tylko \u017ce to nie Twoje rzeczy. \u2714\ufe0f Nie pakujesz cudzych emocji\u2714\ufe0f Nie robisz miejsca na zb\u0119dne\u2714\ufe0f Nie nosisz tego, co Ci\u0119 nie dotyczy&hellip;<\/p>\n","protected":false},"featured_media":37685,"template":"","meta":[],"product_brand":[],"product_cat":[188,181],"product_tag":[190,191,189],"class_list":{"0":"post-37684","1":"product","2":"type-product","3":"status-publish","4":"has-post-thumbnail","6":"product_cat-akcesoria","7":"product_cat-odziez","8":"product_tag-plecak","9":"product_tag-worek","10":"product_tag-workoplecak","11":"description-off","13":"first","14":"instock","15":"shipping-taxable","16":"purchasable","17":"product-type-simple"},"jetpack_sharing_enabled":true,"_links":{"self":[{"href":"http:\/\/hejtoff.pl\/index.php\/wp-json\/wp\/v2\/product\/37684","targetHints":{"allow":["GET"]}}],"collection":[{"href":"http:\/\/hejtoff.pl\/index.php\/wp-json\/wp\/v2\/product"}],"about":[{"href":"http:\/\/hejtoff.pl\/index.php\/wp-json\/wp\/v2\/types\/product"}],"wp:featuredmedia":[{"embeddable":true,"href":"http:\/\/hejtoff.pl\/index.php\/wp-json\/wp\/v2\/media\/37685"}],"wp:attachment":[{"href":"http:\/\/hejtoff.pl\/index.php\/wp-json\/wp\/v2\/media?parent=37684"}],"wp:term":[{"taxonomy":"product_brand","embeddable":true,"href":"http:\/\/hejtoff.pl\/index.php\/wp-json\/wp\/v2\/product_brand?post=37684"},{"taxonomy":"product_cat","embeddable":true,"href":"http:\/\/hejtoff.pl\/index.php\/wp-json\/wp\/v2\/product_cat?post=37684"},{"taxonomy":"product_tag","embeddable":true,"href":"http:\/\/hejtoff.pl\/index.php\/wp-json\/wp\/v2\/product_tag?post=37684"}],"curies":[{"name":"wp","href":"https:\/\/api.w.org\/{rel}","templated":true}]}}